{"id":102,"date":"2018-06-20T08:02:57","date_gmt":"2018-06-20T08:02:57","guid":{"rendered":"https:\/\/andracon.com.br\/index.php\/about-us\/"},"modified":"2026-02-26T12:59:56","modified_gmt":"2026-02-26T12:59:56","slug":"quem-somos","status":"publish","type":"page","link":"https:\/\/andracon.com.br\/index.php\/quem-somos\/","title":{"rendered":"Quem somos"},"content":{"rendered":"\t\t<div data-elementor-type=\"wp-post\" data-elementor-id=\"102\" class=\"elementor elementor-102\" data-elementor-post-type=\"page\">\n\t\t\t\t<div class=\"elementor-element elementor-element-a937493 e-con-full e-flex e-con e-parent\" data-id=\"a937493\" data-element_type=\"container\" data-settings=\"{&quot;content_width&quot;:&quot;full&quot;,&quot;background_background&quot;:&quot;classic&quot;,&quot;container_type&quot;:&quot;flex&quot;}\" data-core-v316-plus=\"true\">\n\t\t<div class=\"elementor-element elementor-element-d68265d e-con-full e-flex e-con e-child\" data-id=\"d68265d\" data-element_type=\"container\" data-settings=\"{&quot;content_width&quot;:&quot;full&quot;,&quot;container_type&quot;:&quot;flex&quot;}\">\n\t\t\t\t<div class=\"elementor-element elementor-element-d88b155 elementor-widget elementor-widget-heading\" data-id=\"d88b155\" data-element_type=\"widget\" data-widget_type=\"heading.default\">\n\t\t\t\t<div class=\"elementor-widget-container\">\n\t\t\t<h2 class=\"elementor-heading-title elementor-size-default\">Quem somos<\/h2>\t\t<\/div>\n\t\t\t\t<\/div>\n\t\t\t\t<\/div>\n\t\t\t\t<\/div>\n\t\t<div class=\"elementor-element elementor-element-2f3b1c4 e-flex e-con-boxed e-con e-parent\" data-id=\"2f3b1c4\" data-element_type=\"container\" data-settings=\"{&quot;container_type&quot;:&quot;flex&quot;,&quot;content_width&quot;:&quot;boxed&quot;}\" data-core-v316-plus=\"true\">\n\t\t\t\t\t<div class=\"e-con-inner\">\n\t\t<div class=\"elementor-element elementor-element-a59da8a e-con-full e-flex e-con e-child\" data-id=\"a59da8a\" data-element_type=\"container\" data-settings=\"{&quot;content_width&quot;:&quot;full&quot;,&quot;container_type&quot;:&quot;flex&quot;}\">\n\t\t\t\t<div class=\"elementor-element elementor-element-bb1172e aux-appear-watch-animation aux-fade-in-up elementor-widget elementor-widget-aux_modern_heading\" data-id=\"bb1172e\" data-element_type=\"widget\" data-widget_type=\"aux_modern_heading.default\">\n\t\t\t\t<div class=\"elementor-widget-container\">\n\t\t\t<section class=\"aux-widget-modern-heading\">\n            <div class=\"aux-widget-inner\"><h1 class=\"aux-modern-heading-primary\">Nossa empresa<\/h1><h3 class=\"aux-modern-heading-secondary\"><span class=\"aux-head-highlight\">Solu\u00e7\u00f5es completas para voc\u00ea e sua empresa!<\/span><\/h3><div class=\"aux-modern-heading-divider\"><\/div><div class=\"aux-modern-heading-description\"><p style=\"text-align: justify;\">H\u00e1 mais de <strong>40 anos<\/strong> no mercado, a <strong>Andracon Assessoria Cont\u00e1bil<\/strong> conta com um quadro de profissionais qualificados e prontos para atender e tirar todas as suas d\u00favidas!<\/p><\/div><\/div>\n        <\/section>\t\t<\/div>\n\t\t\t\t<\/div>\n\t\t\t\t<\/div>\n\t\t<div class=\"elementor-element elementor-element-b14034e e-con-full e-flex e-con e-child\" data-id=\"b14034e\" data-element_type=\"container\" data-settings=\"{&quot;content_width&quot;:&quot;full&quot;,&quot;container_type&quot;:&quot;flex&quot;}\">\n\t\t\t\t<div class=\"elementor-element elementor-element-eab85f5 aux-appear-watch-animation aux-mask-from-left elementor-invisible elementor-widget elementor-widget-aux_image\" data-id=\"eab85f5\" data-element_type=\"widget\" data-settings=\"{&quot;motion_fx_motion_fx_scrolling&quot;:&quot;yes&quot;,&quot;motion_fx_scale_effect&quot;:&quot;yes&quot;,&quot;_animation&quot;:&quot;fadeInRight&quot;,&quot;motion_fx_scale_direction&quot;:&quot;out-in&quot;,&quot;motion_fx_scale_speed&quot;:{&quot;unit&quot;:&quot;px&quot;,&quot;size&quot;:4,&quot;sizes&quot;:[]},&quot;motion_fx_scale_range&quot;:{&quot;unit&quot;:&quot;%&quot;,&quot;size&quot;:&quot;&quot;,&quot;sizes&quot;:{&quot;start&quot;:20,&quot;end&quot;:80}},&quot;motion_fx_devices&quot;:[&quot;desktop&quot;,&quot;tablet&quot;,&quot;mobile&quot;]}\" data-widget_type=\"aux_image.default\">\n\t\t\t\t<div class=\"elementor-widget-container\">\n\t\t\t<section class=\"widget-container aux-widget-image aux-alignnone aux-parent-au3349717e\" style=\"\" >\n    <div class=\"aux-media-hint-frame \">\n        <div class=\"aux-media-image \" >\n        \n            \n\n            \n            <img fetchpriority=\"high\" decoding=\"async\" width=\"508\" height=\"338\" src=\"data:image\/gif;base64,R0lGODlhAQABAIAAAAAAAP\/\/\/yH5BAEAAAAALAAAAAABAAEAAAIBRAA7\" class=\"aux-attachment aux-featured-image aux-attachment-id-697 aux-preload aux-blank\" alt=\"and\" data-ratio=\"1.5\" data-original-w=\"508\" data-src=\"https:\/\/andracon.com.br\/wp-content\/uploads\/2022\/06\/and.jpg\" \/>            \n                <\/div>\n    <\/div>\n\n<\/section><!-- widget-container -->\t\t<\/div>\n\t\t\t\t<\/div>\n\t\t\t\t<\/div>\n\t\t\t\t\t<\/div>\n\t\t\t\t<\/div>\n\t\t<div class=\"elementor-element elementor-element-cbc98d6 e-flex e-con-boxed e-con e-parent\" data-id=\"cbc98d6\" data-element_type=\"container\" data-settings=\"{&quot;container_type&quot;:&quot;flex&quot;,&quot;content_width&quot;:&quot;boxed&quot;}\" data-core-v316-plus=\"true\">\n\t\t\t\t\t<div class=\"e-con-inner\">\n\t\t<div class=\"elementor-element elementor-element-bdc4e17 e-con-full e-flex elementor-invisible e-con e-child\" data-id=\"bdc4e17\" data-element_type=\"container\" data-settings=\"{&quot;animation&quot;:&quot;fadeInLeft&quot;,&quot;content_width&quot;:&quot;full&quot;,&quot;container_type&quot;:&quot;flex&quot;}\">\n\t\t\t\t<div class=\"elementor-element elementor-element-5c047e5 elementor-widget elementor-widget-image\" data-id=\"5c047e5\" data-element_type=\"widget\" data-widget_type=\"image.default\">\n\t\t\t\t<div class=\"elementor-widget-container\">\n\t\t\t\t\t\t\t\t\t\t\t\t\t<img decoding=\"async\" width=\"466\" height=\"606\" src=\"https:\/\/andracon.com.br\/wp-content\/uploads\/2022\/06\/0hand.jpg\" class=\"attachment-full size-full wp-image-713\" alt=\"\" \/>\t\t\t\t\t\t\t\t\t\t\t\t\t<\/div>\n\t\t\t\t<\/div>\n\t\t\t\t<\/div>\n\t\t<div class=\"elementor-element elementor-element-87b579c e-con-full e-flex elementor-invisible e-con e-child\" data-id=\"87b579c\" data-element_type=\"container\" data-settings=\"{&quot;background_background&quot;:&quot;classic&quot;,&quot;animation&quot;:&quot;fadeInRight&quot;,&quot;content_width&quot;:&quot;full&quot;,&quot;container_type&quot;:&quot;flex&quot;}\">\n\t\t\t\t<div class=\"elementor-element elementor-element-f421648 elementor-widget__width-initial aux-appear-watch-animation aux-fade-in-up-1 elementor-widget elementor-widget-aux_text\" data-id=\"f421648\" data-element_type=\"widget\" data-widget_type=\"aux_text.default\">\n\t\t\t\t<div class=\"elementor-widget-container\">\n\t\t\t<section class=\"widget-container aux-widget-text aux-parent-auaa8a8c57\" style=\"\" >        <div class=\"aux-widget-advanced-text aux-wrap-style-simple aux-ico-pos-left aux-text-left aux-text-resp- aux-text-color-dark aux-text-widget-bg-center  aux-text-padding-fix \" >\n        \n                            <div class=\"aux-text-widget-header \"  >\n                        <div class=\"aux-ico-box aux-ico-large aux-ico-shape-circle aux-ico-clear \">\n                                                            <span class=\"aux-ico fas fa-medal\" > <\/span>\n                                                    <\/div>\n                <\/div>\n            \n            <div class=\"aux-text-inner aux-text-widget-content\">\n                                <h4 class=\"col-title\">Miss\u00e3o<\/h4>\n                                <div class=\"widget-content\">\n                                        <p style=\"text-align: justify;\">Oferecer solu\u00e7\u00f5es cont\u00e1beis com qualidade, agilidade e confiabilidade, para satisfazer as necessidades e expectativas dos nossos clientes, fornecedores, acionistas, colaboradores, governos e sociedade em geral.<\/p>                <\/div>\n                            <\/div>\n        <\/div>\n                    <div class=\"aux-text-widget-footer\">\n                <div class=\"aux-border-shape-none \">\n                                <\/div>\n            <\/div>\n        \n<\/section><!-- widget-container -->\t\t<\/div>\n\t\t\t\t<\/div>\n\t\t\t\t<div class=\"elementor-element elementor-element-7ae9ee2 elementor-widget__width-initial aux-appear-watch-animation aux-fade-in-up-1 elementor-widget elementor-widget-aux_text\" data-id=\"7ae9ee2\" data-element_type=\"widget\" data-widget_type=\"aux_text.default\">\n\t\t\t\t<div class=\"elementor-widget-container\">\n\t\t\t<section class=\"widget-container aux-widget-text aux-parent-au9dc60bf8\" style=\"\" >        <div class=\"aux-widget-advanced-text aux-wrap-style-simple aux-ico-pos-left aux-text-left aux-text-resp- aux-text-color-dark aux-text-widget-bg-center  aux-text-padding-fix \" >\n        \n                            <div class=\"aux-text-widget-header \"  >\n                        <div class=\"aux-ico-box aux-ico-large aux-ico-shape-circle aux-ico-clear \">\n                                                            <span class=\"aux-ico fas fa-eye\" > <\/span>\n                                                    <\/div>\n                <\/div>\n            \n            <div class=\"aux-text-inner aux-text-widget-content\">\n                                <h4 class=\"col-title\">Vis\u00e3o<\/h4>\n                                <div class=\"widget-content\">\n                                        <p style=\"text-align: justify;\">Busca incessante por solu\u00e7\u00f5es r\u00e1pidas e seguras com foco nas necessidades e expectativas dos clientes. Nosso sucesso \u00e9 consequ\u00eancia da satisfa\u00e7\u00e3o e confian\u00e7a de todos aqueles para os quais prestamos os nossos servi\u00e7os, raz\u00e3o pela qual nos consolidamos no disputado mercado de S\u00e3o Paulo.<\/p>                <\/div>\n                            <\/div>\n        <\/div>\n                    <div class=\"aux-text-widget-footer\">\n                <div class=\"aux-border-shape-none \">\n                                <\/div>\n            <\/div>\n        \n<\/section><!-- widget-container -->\t\t<\/div>\n\t\t\t\t<\/div>\n\t\t\t\t<div class=\"elementor-element elementor-element-a9c89bc elementor-widget__width-initial aux-appear-watch-animation aux-fade-in-up-1 elementor-widget elementor-widget-aux_text\" data-id=\"a9c89bc\" data-element_type=\"widget\" data-widget_type=\"aux_text.default\">\n\t\t\t\t<div class=\"elementor-widget-container\">\n\t\t\t<section class=\"widget-container aux-widget-text aux-parent-au4c42aa2e\" style=\"\" >        <div class=\"aux-widget-advanced-text aux-wrap-style-simple aux-ico-pos-left aux-text-left aux-text-resp- aux-text-color-dark aux-text-widget-bg-center  aux-text-padding-fix \" >\n        \n                            <div class=\"aux-text-widget-header \"  >\n                        <div class=\"aux-ico-box aux-ico-large aux-ico-shape-circle aux-ico-clear \">\n                                                            <span class=\"aux-ico fas fa-gem\" > <\/span>\n                                                    <\/div>\n                <\/div>\n            \n            <div class=\"aux-text-inner aux-text-widget-content\">\n                                <h4 class=\"col-title\">Valores<\/h4>\n                                <div class=\"widget-content\">\n                                        <p>- Profissionalismo;<br \/>- Respeito;<br \/>- Vis\u00e3o\/percep\u00e7\u00e3o de neg\u00f3cios;<br \/>- Agilidade;<br \/>- \u00c9tica.<\/p>                <\/div>\n                            <\/div>\n        <\/div>\n                    <div class=\"aux-text-widget-footer\">\n                <div class=\"aux-border-shape-none \">\n                                <\/div>\n            <\/div>\n        \n<\/section><!-- widget-container -->\t\t<\/div>\n\t\t\t\t<\/div>\n\t\t\t\t<\/div>\n\t\t\t\t\t<\/div>\n\t\t\t\t<\/div>\n\t\t\t\t<\/div>\n\t\t","protected":false},"excerpt":{"rendered":"<p>Quem somos Nossa empresa Solu\u00e7\u00f5es completas para voc\u00ea e sua empresa! H\u00e1 mais de 40 anos no mercado, a Andracon Assessoria Cont\u00e1bil conta com um quadro de profissionais qualificados e prontos para atender e tirar todas as suas d\u00favidas! Miss\u00e3o Oferecer solu\u00e7\u00f5es cont\u00e1beis com qualidade, agilidade e confiabilidade, para satisfazer as necessidades e expectativas dos [&hellip;]<\/p>\n","protected":false},"author":1,"featured_media":683,"parent":0,"menu_order":0,"comment_status":"closed","ping_status":"closed","template":"","meta":{"footnotes":""},"class_list":["post-102","page","type-page","status-publish","has-post-thumbnail","hentry"],"_links":{"self":[{"href":"https:\/\/andracon.com.br\/index.php\/wp-json\/wp\/v2\/pages\/102","targetHints":{"allow":["GET"]}}],"collection":[{"href":"https:\/\/andracon.com.br\/index.php\/wp-json\/wp\/v2\/pages"}],"about":[{"href":"https:\/\/andracon.com.br\/index.php\/wp-json\/wp\/v2\/types\/page"}],"author":[{"embeddable":true,"href":"https:\/\/andracon.com.br\/index.php\/wp-json\/wp\/v2\/users\/1"}],"replies":[{"embeddable":true,"href":"https:\/\/andracon.com.br\/index.php\/wp-json\/wp\/v2\/comments?post=102"}],"version-history":[{"count":34,"href":"https:\/\/andracon.com.br\/index.php\/wp-json\/wp\/v2\/pages\/102\/revisions"}],"predecessor-version":[{"id":842,"href":"https:\/\/andracon.com.br\/index.php\/wp-json\/wp\/v2\/pages\/102\/revisions\/842"}],"wp:featuredmedia":[{"embeddable":true,"href":"https:\/\/andracon.com.br\/index.php\/wp-json\/wp\/v2\/media\/683"}],"wp:attachment":[{"href":"https:\/\/andracon.com.br\/index.php\/wp-json\/wp\/v2\/media?parent=102"}],"curies":[{"name":"wp","href":"https:\/\/api.w.org\/{rel}","templated":true}]}}